{"id":1535,"date":"2013-02-21T10:45:02","date_gmt":"2013-02-21T08:45:02","guid":{"rendered":"http:\/\/th11117-web371.vorschau.server33.tophoster.de\/?page_id=1535"},"modified":"2015-03-04T16:40:17","modified_gmt":"2015-03-04T14:40:17","slug":"das-camp-2","status":"publish","type":"page","link":"https:\/\/www.kanu-bike.de\/kanubike\/tipi-dorf\/das-camp-2\/","title":{"rendered":"Das Camp"},"content":{"rendered":"<p>&#8222;How Cola! Mani wastete yo!&#8220;<br \/>\nLakota f\u00fcr: &#8222;Hallo Freund! Gl\u00fcck auf deinem Weg!<\/p>\n<p><strong>Die etwas andere \u00dcbernachtungsm\u00f6glichkeit: Unsere Tipis.<\/strong><br \/>\n<strong>Erleben Sie mit 100% KANU+BIKE indianischen Flair am Neckar-Ufer.<\/strong><\/p>\n<p>Das <strong>Tipi Dorf<\/strong> verf\u00fcgt \u00fcber eine <strong>eigene Kanu-Anlegestelle<\/strong>. Paddeln Sie mit dem Kanu direkt zum Tipi Dorf am Neckar und lassen Sie den Abend gem\u00fctlich am Lagerfeuer ausklingen. Die\u00a0 Lagerfeuerstelle ist mit einem Schwenk-Grill ausgestattet. Sitzgelegenheiten sind vorhanden. Die Nutzung der Grillstelle ist f\u00fcr \u00dcbernachtungs-G\u00e4ste selbstverst\u00e4ndlich inklusive.<\/p>\n<p>Anschlie\u00dfend \u00fcbernachten Sie in einem unserer gem\u00fctlichen Tipis &#8211; <strong>jedes Tipi ist mit einer\u00a0 kleinen Feuerstelle ausgestattet<\/strong>. Feuerholz d\u00fcrfen Sie gerne mitbringen. Wenn Sie Feuerholz kaufen m\u00f6chten, geben Sie uns einfach bei der Buchung Bescheid.<\/p>\n<p>Sanit\u00e4re Anlagen (Duschen und WCs) sind vorhanden.<\/p>\n<p>Einkaufsm\u00f6glichkeiten f\u00fcr Selbstversorger liegen in ca. 150 m Entfernung. Die zentrale Lage des Tipi Dorfes l\u00e4dt au\u00dferdem zu weiteren Aktivit\u00e4ten ein wie: Wandertouren, Fahrradtouren, Burg- und Stadtbesichtigungen, Meeting Point f\u00fcr ausgedehnte Motorradtouren.<\/p>\n<p>&nbsp;<\/p>\n<p>Gerne stellen wir Ihnen ein individuelles Urlaubs- oder Freizeitangebot zusammen.<\/p>\n<p>&nbsp;<\/p>\n","protected":false},"excerpt":{"rendered":"<p>&#8222;How Cola! Mani wastete yo!&#8220; Lakota f\u00fcr: &#8222;Hallo Freund! Gl\u00fcck auf deinem Weg! Die etwas andere \u00dcbernachtungsm\u00f6glichkeit: Unsere Tipis. Erleben Sie mit 100% KANU+BIKE indianischen Flair am Neckar-Ufer. Das Tipi Dorf verf\u00fcgt \u00fcber eine eigene Kanu-Anlegestelle. Paddeln Sie mit dem Kanu direkt zum Tipi Dorf am Neckar und lassen Sie den Abend gem\u00fctlich am Lagerfeuer [&hellip;]<\/p>\n","protected":false},"author":6,"featured_media":0,"parent":115,"menu_order":3,"comment_status":"closed","ping_status":"open","template":"","meta":{"_monsterinsights_skip_tracking":false,"_monsterinsights_sitenote_active":false,"_monsterinsights_sitenote_note":"","_monsterinsights_sitenote_category":0,"footnotes":""},"class_list":["post-1535","page","type-page","status-publish","hentry"],"yoast_head":"<!-- This site is optimized with the Yoast SEO plugin v27.4 - https:\/\/yoast.com\/product\/yoast-seo-wordpress\/ -->\n<title>\u00dcbernachtung im Tipi Dorf am Neckar<\/title>\n<meta name=\"description\" content=\"\u00dcbernachtung im Tipi Dorf am Neckar\" \/>\n<meta name=\"robots\" content=\"index, follow, max-snippet:-1, max-image-preview:large, max-video-preview:-1\" \/>\n<link rel=\"canonical\" href=\"https:\/\/www.kanu-bike.de\/kanubike\/tipi-dorf\/das-camp-2\/\" \/>\n<meta property=\"og:locale\" content=\"de_DE\" \/>\n<meta property=\"og:type\" content=\"article\" \/>\n<meta property=\"og:title\" content=\"\u00dcbernachtung im Tipi Dorf am Neckar\" \/>\n<meta property=\"og:description\" content=\"\u00dcbernachtung im Tipi Dorf am Neckar\" \/>\n<meta property=\"og:url\" content=\"https:\/\/www.kanu-bike.de\/kanubike\/tipi-dorf\/das-camp-2\/\" \/>\n<meta property=\"og:site_name\" content=\"100% KANU+BIKE (R)\" \/>\n<meta property=\"article:modified_time\" content=\"2015-03-04T14:40:17+00:00\" \/>\n<meta name=\"twitter:card\" content=\"summary_large_image\" \/>\n<meta name=\"twitter:label1\" content=\"Gesch\u00e4tzte Lesezeit\" \/>\n\t<meta name=\"twitter:data1\" content=\"1\u00a0Minute\" \/>\n<script type=\"application\/ld+json\" class=\"yoast-schema-graph\">{\"@context\":\"https:\\\/\\\/schema.org\",\"@graph\":[{\"@type\":\"WebPage\",\"@id\":\"https:\\\/\\\/www.kanu-bike.de\\\/kanubike\\\/tipi-dorf\\\/das-camp-2\\\/\",\"url\":\"https:\\\/\\\/www.kanu-bike.de\\\/kanubike\\\/tipi-dorf\\\/das-camp-2\\\/\",\"name\":\"\u00dcbernachtung im Tipi Dorf am Neckar\",\"isPartOf\":{\"@id\":\"https:\\\/\\\/www.kanu-bike.de\\\/kanubike\\\/#website\"},\"datePublished\":\"2013-02-21T08:45:02+00:00\",\"dateModified\":\"2015-03-04T14:40:17+00:00\",\"description\":\"\u00dcbernachtung im Tipi Dorf am Neckar\",\"breadcrumb\":{\"@id\":\"https:\\\/\\\/www.kanu-bike.de\\\/kanubike\\\/tipi-dorf\\\/das-camp-2\\\/#breadcrumb\"},\"inLanguage\":\"de\",\"potentialAction\":[{\"@type\":\"ReadAction\",\"target\":[\"https:\\\/\\\/www.kanu-bike.de\\\/kanubike\\\/tipi-dorf\\\/das-camp-2\\\/\"]}]},{\"@type\":\"BreadcrumbList\",\"@id\":\"https:\\\/\\\/www.kanu-bike.de\\\/kanubike\\\/tipi-dorf\\\/das-camp-2\\\/#breadcrumb\",\"itemListElement\":[{\"@type\":\"ListItem\",\"position\":1,\"name\":\"Startseite\",\"item\":\"https:\\\/\\\/www.kanu-bike.de\\\/kanubike\\\/\"},{\"@type\":\"ListItem\",\"position\":2,\"name\":\"Tipi-Dorf\",\"item\":\"https:\\\/\\\/www.kanu-bike.de\\\/kanubike\\\/tipi-dorf\\\/\"},{\"@type\":\"ListItem\",\"position\":3,\"name\":\"Das Camp\"}]},{\"@type\":\"WebSite\",\"@id\":\"https:\\\/\\\/www.kanu-bike.de\\\/kanubike\\\/#website\",\"url\":\"https:\\\/\\\/www.kanu-bike.de\\\/kanubike\\\/\",\"name\":\"100% KANU+BIKE (R)\",\"description\":\"Kanutouren Kocher, Neckar & Jagst\",\"potentialAction\":[{\"@type\":\"SearchAction\",\"target\":{\"@type\":\"EntryPoint\",\"urlTemplate\":\"https:\\\/\\\/www.kanu-bike.de\\\/kanubike\\\/?s={search_term_string}\"},\"query-input\":{\"@type\":\"PropertyValueSpecification\",\"valueRequired\":true,\"valueName\":\"search_term_string\"}}],\"inLanguage\":\"de\"}]}<\/script>\n<!-- \/ Yoast SEO plugin. -->","yoast_head_json":{"title":"\u00dcbernachtung im Tipi Dorf am Neckar","description":"\u00dcbernachtung im Tipi Dorf am Neckar","robots":{"index":"index","follow":"follow","max-snippet":"max-snippet:-1","max-image-preview":"max-image-preview:large","max-video-preview":"max-video-preview:-1"},"canonical":"https:\/\/www.kanu-bike.de\/kanubike\/tipi-dorf\/das-camp-2\/","og_locale":"de_DE","og_type":"article","og_title":"\u00dcbernachtung im Tipi Dorf am Neckar","og_description":"\u00dcbernachtung im Tipi Dorf am Neckar","og_url":"https:\/\/www.kanu-bike.de\/kanubike\/tipi-dorf\/das-camp-2\/","og_site_name":"100% KANU+BIKE (R)","article_modified_time":"2015-03-04T14:40:17+00:00","twitter_card":"summary_large_image","twitter_misc":{"Gesch\u00e4tzte Lesezeit":"1\u00a0Minute"},"schema":{"@context":"https:\/\/schema.org","@graph":[{"@type":"WebPage","@id":"https:\/\/www.kanu-bike.de\/kanubike\/tipi-dorf\/das-camp-2\/","url":"https:\/\/www.kanu-bike.de\/kanubike\/tipi-dorf\/das-camp-2\/","name":"\u00dcbernachtung im Tipi Dorf am Neckar","isPartOf":{"@id":"https:\/\/www.kanu-bike.de\/kanubike\/#website"},"datePublished":"2013-02-21T08:45:02+00:00","dateModified":"2015-03-04T14:40:17+00:00","description":"\u00dcbernachtung im Tipi Dorf am Neckar","breadcrumb":{"@id":"https:\/\/www.kanu-bike.de\/kanubike\/tipi-dorf\/das-camp-2\/#breadcrumb"},"inLanguage":"de","potentialAction":[{"@type":"ReadAction","target":["https:\/\/www.kanu-bike.de\/kanubike\/tipi-dorf\/das-camp-2\/"]}]},{"@type":"BreadcrumbList","@id":"https:\/\/www.kanu-bike.de\/kanubike\/tipi-dorf\/das-camp-2\/#breadcrumb","itemListElement":[{"@type":"ListItem","position":1,"name":"Startseite","item":"https:\/\/www.kanu-bike.de\/kanubike\/"},{"@type":"ListItem","position":2,"name":"Tipi-Dorf","item":"https:\/\/www.kanu-bike.de\/kanubike\/tipi-dorf\/"},{"@type":"ListItem","position":3,"name":"Das Camp"}]},{"@type":"WebSite","@id":"https:\/\/www.kanu-bike.de\/kanubike\/#website","url":"https:\/\/www.kanu-bike.de\/kanubike\/","name":"100% KANU+BIKE (R)","description":"Kanutouren Kocher, Neckar & Jagst","potentialAction":[{"@type":"SearchAction","target":{"@type":"EntryPoint","urlTemplate":"https:\/\/www.kanu-bike.de\/kanubike\/?s={search_term_string}"},"query-input":{"@type":"PropertyValueSpecification","valueRequired":true,"valueName":"search_term_string"}}],"inLanguage":"de"}]}},"_links":{"self":[{"href":"https:\/\/www.kanu-bike.de\/kanubike\/wp-json\/wp\/v2\/pages\/1535","targetHints":{"allow":["GET"]}}],"collection":[{"href":"https:\/\/www.kanu-bike.de\/kanubike\/wp-json\/wp\/v2\/pages"}],"about":[{"href":"https:\/\/www.kanu-bike.de\/kanubike\/wp-json\/wp\/v2\/types\/page"}],"author":[{"embeddable":true,"href":"https:\/\/www.kanu-bike.de\/kanubike\/wp-json\/wp\/v2\/users\/6"}],"replies":[{"embeddable":true,"href":"https:\/\/www.kanu-bike.de\/kanubike\/wp-json\/wp\/v2\/comments?post=1535"}],"version-history":[{"count":0,"href":"https:\/\/www.kanu-bike.de\/kanubike\/wp-json\/wp\/v2\/pages\/1535\/revisions"}],"up":[{"embeddable":true,"href":"https:\/\/www.kanu-bike.de\/kanubike\/wp-json\/wp\/v2\/pages\/115"}],"wp:attachment":[{"href":"https:\/\/www.kanu-bike.de\/kanubike\/wp-json\/wp\/v2\/media?parent=1535"}],"curies":[{"name":"wp","href":"https:\/\/api.w.org\/{rel}","templated":true}]}}